{"id":2760,"date":"2015-10-28T08:27:55","date_gmt":"2015-10-28T08:27:55","guid":{"rendered":"http:\/\/www.unboxing-ad.com\/?page_id=2760"},"modified":"2025-03-05T07:56:44","modified_gmt":"2025-03-05T07:56:44","slug":"home-6-2","status":"publish","type":"page","link":"https:\/\/www.unboxing-ad.com\/","title":{"rendered":"UNBOXING"},"content":{"rendered":"<p>[vc_row bg_type=&#8221;image&#8221;][vc_column css=&#8221;.vc_custom_1446020336997{border-width: 2px !important;}&#8221;][rev_slider_vc alias=&#8221;slider1&#8243;][\/vc_column][\/vc_row][vc_row][vc_column][vc_separator border_width=&#8221;3&#8243;][\/vc_column][\/vc_row][vc_row bg_type=&#8221;bg_color&#8221; font_color=&#8221;#ffffff&#8221; bg_color_value=&#8221;#cc9933&#8243;][vc_column]<h1 class=\"section-title text-center\" style=\"font-size: 40px;\">LOS V\u00cdDEOS DE UNBOXING ALCANZAN CIFRAS R\u00c9CORD DE VISUALIZACIONES EN REDES SOCIALES<\/h1>[\/vc_column][\/vc_row][vc_row][vc_column width=&#8221;1\/2&#8243;]\n\t<div class=\"plain-animation wow fadeInUpQuick\" data-wow-delay=\"0.2s\" >\n\t[vc_single_image image=&#8221;2853&#8243; img_size=&#8221;full&#8221; alignment=&#8221;center&#8221;]\t<\/div>\n\n\t[\/vc_column][vc_column width=&#8221;1\/2&#8243;]\n\t<div class=\"plain-animation wow fadeInUpQuick\" data-wow-delay=\"0.4s\" >\n\t\t<article class=\"other-service-item\">\n\t<i class=\"fa fa-dropbox\"><\/i>\t<h3>\u00bfQu\u00e9 es el Unboxing?<\/h3>\n\t<p>G\u00e9nero de v\u00eddeos que consiste en desempaquetar o mostrar un producto frente a la c\u00e1mara para ver c\u00f3mo es, sus caracter\u00edsticas, probarlo o jugar con \u00e9l. A d\u00eda de hoy casi el 100% de los v\u00eddeos de unboxing que existen son amateurs y los canales est\u00e1n en manos de los particulares.<\/p>\n\t<\/article>\n\t\t<article class=\"other-service-item\">\n\t<i class=\"fa fa-comments\"><\/i>\t<h3>ESTRATEGIA DE MARKETING<\/h3>\n\t<p>Las grandes marcas y tiendas apuestan ya por el unboxing y por los v\u00eddeos de producto como parte de sus estrategias de marketing. Los motivos: su alto nivel de penetraci\u00f3n y su gran aceptaci\u00f3n entre los consumidores, que disfrutan viendo los v\u00eddeos y otorgan una alta fiabilidad a los mismos.<\/p>\n\t<\/article>\n\t\t<article class=\"other-service-item\">\n\t<i class=\"fa fa-arrow-circle-up\"><\/i>\t<h3>CIFRAS<\/h3>\n\t<p>Las visualizaciones de v\u00eddeos de unboxing s\u00f3lo en Youtube han crecido un 57% en el \u00faltimo a\u00f1o. En 2015 se lleg\u00f3 a 1 BILL\u00d3N de visualizaciones. 1 de cada 5 consumidores afirma haber visto v\u00eddeos de unboxing o de demostraci\u00f3n de producto, seg\u00fan un informe de Google Consumer.<\/p>\n\t<\/article>\n\t\t<\/div>\n\n\t[\/vc_column][\/vc_row][vc_row bg_type=&#8221;bg_color&#8221; bg_color_value=&#8221;#cc9933&#8243; font_color=&#8221;#ffffff&#8221;][vc_column]<h1 class=\"section-title text-center\" style=\"font-size: 40px;\">\u00bfC\u00f3mo pueden los v\u00eddeos de demostraci\u00f3n de producto ayudar a mi marca o tienda?<\/h1>[\/vc_column][\/vc_row][vc_row][vc_column width=&#8221;1\/3&#8243;]\n\t<div class=\"plain-animation wow fadeInUpQuick\" data-wow-delay=\"0.5s\" >\n\t\t<!-- Service-Block Start -->\n\t<div class=\"service-item service-style-1 text-center \">\n\t<div class=\"icon-wrapper\"><i class=\"pi icon-Eyeunhide fa-4x\"><\/i><\/div>\n\t<h2>VISIBILIDAD PARA TUS PRODUCTOS<\/h2>\n\t<p>El unboxing es una carta de presentaci\u00f3n del producto: ense\u00f1a online c\u00f3mo es y hace una demostraci\u00f3n de sus funciones y caracter\u00edsticas. Una fotograf\u00eda de un producto ya no es suficiente. El cliente demanda una informaci\u00f3n m\u00e1s completa. Los v\u00eddeos de unboxing ayudar\u00e1n a tu tienda o marca a diferenciarse de la competencia.<br \/>\n<\/p>\n\t\t<\/div>\n\t<!-- Service-Block End -->\n\t\t<\/div>\n\n\t[\/vc_column][vc_column width=&#8221;1\/3&#8243;]\n\t<div class=\"plain-animation wow fadeInUpQuick\" data-wow-delay=\"0.5s\" >\n\t\t<!-- Service-Block Start -->\n\t<div class=\"service-item service-style-1 text-center \">\n\t<div class=\"icon-wrapper\"><i class=\"pi icon-Photo fa-4x\"><\/i><\/div>\n\t<h2>CONECTA CON TU AUDIENCIA Y CONSUMIDORES<\/h2>\n\t<p>Los v\u00eddeos de unboxing entretienen y conectan con las emociones, al tiempo que dan sensaci\u00f3n de placer, seg\u00fan estudios de psicolog\u00eda. Adem\u00e1s, dan al consumidor informaci\u00f3n pr\u00e1ctica sobre el producto en el que est\u00e1 interesado y est\u00e1 comprobado que, tras su visualizaci\u00f3n, el consumidor tiene m\u00e1s ganas de proceder a su compra.<br \/>\n<\/p>\n\t\t<\/div>\n\t<!-- Service-Block End -->\n\t\t<\/div>\n\n\t[\/vc_column][vc_column width=&#8221;1\/3&#8243;]\n\t<div class=\"plain-animation wow fadeInUpQuick\" data-wow-delay=\"0.5s\" >\n\t\t<!-- Service-Block Start -->\n\t<div class=\"service-item service-style-1 text-center \">\n\t<div class=\"icon-wrapper\"><i class=\"pi icon-MagicWand fa-4x\"><\/i><\/div>\n\t<h2>CONTENIDO MULTIPLATAFORMA<\/h2>\n\t<p>Los v\u00eddeos de unboxing de tu marca o tienda ser\u00e1n un contenido audiovisual aprovechable para tu tienda online, web, redes sociales o canal de Youtube y ser\u00e1n reproducibles en cualquier dispositivo m\u00f3vil u ordenador personal. El unboxing ayudar\u00e1 a dar visibilidad a tu marca y\/o productos y reforzar\u00e1 tus ventas online.<\/p>\n<p><\/p>\n\t\t<\/div>\n\t<!-- Service-Block End -->\n\t\t<\/div>\n\n\t[\/vc_column][\/vc_row][vc_row bg_type=&#8221;bg_color&#8221; bg_color_value=&#8221;#cc9933&#8243; font_color=&#8221;#ffffff&#8221;][vc_column]<h1 class=\"section-title text-center\" style=\"font-size: 40px;\">REALIZAMOS LOS V\u00cdDEOS DE TUS PRODUCTOS. DESDE LA CREATIVIDAD AL ACABADO FINAL<\/h1>[\/vc_column][\/vc_row][vc_row][vc_column width=&#8221;1\/2&#8243;]\n\t<div class=\"plain-animation wow fadeInUpQuick\" data-wow-delay=\"0.4s\" >\n\t\n\t<div class=\"service-inner service-style-3 text-center\">\n\t<div class=\"icon\"><i class=\"vc_li vc_li-like\"><\/i><\/div>\t<h3>\u00bfPOR QU\u00c9 NACE UNBOXING ADVERTISEMENT?<\/h3>\t<p class=\"description\">Para profesionalizar y dar un plus de calidad a los v\u00eddeos de unboxing.<br \/>\nPara ayudar a las marcas y tiendas a controlar y participar en la creaci\u00f3n de contenidos audiovisuales de sus propios productos.<br \/>\nPara favorecer la comunicaci\u00f3n de las marcas o tiendas con su audiencia.<\/p>\t<\/div>\n\n\t\t<\/div>\n\n\t[\/vc_column][vc_column width=&#8221;1\/2&#8243;]\n\t<div class=\"plain-animation wow fadeInUpQuick\" data-wow-delay=\"0.4s\" >\n\t\n\t<div class=\"service-inner service-style-3 text-center\">\n\t<div class=\"icon\"><i class=\"vc_li vc_li-bulb\"><\/i><\/div>\t<h3>\u00bfQU\u00c9 OFRECEMOS EN UNBOXING ADVERTISEMENT?<\/h3>\t<p class=\"description\">A) Producimos v\u00eddeos de unboxing o de demostraci\u00f3n de producto a precios ajustados, con calidad profesional y personalizados para cada cliente.<br \/>\nB) Nos encargamos de todo: desde la creatividad hasta la entrega final del v\u00eddeo. Ofrecemos a nuestros clientes trato directo y feedback inmediato.<\/p>\t<\/div>\n\n\t\t<\/div>\n\n\t[\/vc_column][\/vc_row][vc_row][vc_column]\n\t<div class=\"plain-animation wow fadeInUpQuick\" data-wow-delay=\"0.4s\" >\n\t\n\t<div class=\"contact-info-style-one contact-info-wrapper clearfix\">\n\n\t\t<div class=\"col-md-4 text-center\">\n\t<div class=\"contact-item-wrapper wow fadeInUpQuick\" data-wow-delay=\".2s\">\n\t<i class=\"fa fa-envelope fa-2x\"><\/i>\n\t<h4>info@unboxing-ad.com<\/h4>\n\t<\/div>\n\t<\/div>\n\t\n\t\t<div class=\"col-md-4 text-center\">\n\t<div class=\"contact-item-wrapper  wow fadeInUpQuick\" data-wow-delay=\".5s\">\n\t<i class=\"fa fa-mobile-phone fa-2x\"><\/i>\n\t<h4>680.688.692<\/h4>\n\t<\/div>\n\t<\/div>\n\t\n\t\t<div class=\"col-md-4 text-center\">\n\t<div class=\"contact-item-wrapper  wow fadeInUpQuick\" data-wow-delay=\".8s\">\n\t<i class=\"fa fa-map-marker fa-2x\"><\/i>\n\t<h4>Orenga,22 Of. 35 - Paterna (Valencia)<\/h4>\n\t<\/div>\n\t<\/div>\n\t\n\t<\/div>\n\n\t\t<\/div>\n\n\t[\/vc_column][\/vc_row]<\/p>\n","protected":false},"excerpt":{"rendered":"<p>[vc_row bg_type=&#8221;image&#8221;][vc_column css=&#8221;.vc_custom_1446020336997{border-width: 2px !important;}&#8221;][rev_slider_vc alias=&#8221;slider1&#8243;][\/vc_column][\/vc_row][vc_row][vc_column][vc_separator border_width=&#8221;3&#8243;][\/vc_column][\/vc_row][vc_row bg_type=&#8221;bg_color&#8221; font_color=&#8221;#ffffff&#8221; bg_color_value=&#8221;#cc9933&#8243;][vc_column][\/vc_column][\/vc_row][vc_row][vc_column width=&#8221;1\/2&#8243;][\/vc_column][vc_column width=&#8221;1\/2&#8243;][\/vc_column][\/vc_row][vc_row bg_type=&#8221;bg_color&#8221; bg_color_value=&#8221;#cc9933&#8243; font_color=&#8221;#ffffff&#8221;][vc_column][\/vc_column][\/vc_row][vc_row][vc_column width=&#8221;1\/3&#8243;][\/vc_column][vc_column width=&#8221;1\/3&#8243;][\/vc_column][vc_column width=&#8221;1\/3&#8243;][\/vc_column][\/vc_row][vc_row bg_type=&#8221;bg_color&#8221; bg_color_value=&#8221;#cc9933&#8243; font_color=&#8221;#ffffff&#8221;][vc_column][\/vc_column][\/vc_row][vc_row][vc_column width=&#8221;1\/2&#8243;][\/vc_column][vc_column width=&#8221;1\/2&#8243;][\/vc_column][\/vc_row][vc_row][vc_column][\/vc_column][\/vc_row]<\/p>\n","protected":false},"author":1,"featured_media":0,"parent":0,"menu_order":0,"comment_status":"closed","ping_status":"closed","template":"","meta":{"footnotes":"","_links_to":"","_links_to_target":""},"class_list":["post-2760","page","type-page","status-publish","hentry"],"_links":{"self":[{"href":"https:\/\/www.unboxing-ad.com\/index.php\/wp-json\/wp\/v2\/pages\/2760","targetHints":{"allow":["GET"]}}],"collection":[{"href":"https:\/\/www.unboxing-ad.com\/index.php\/wp-json\/wp\/v2\/pages"}],"about":[{"href":"https:\/\/www.unboxing-ad.com\/index.php\/wp-json\/wp\/v2\/types\/page"}],"author":[{"embeddable":true,"href":"https:\/\/www.unboxing-ad.com\/index.php\/wp-json\/wp\/v2\/users\/1"}],"replies":[{"embeddable":true,"href":"https:\/\/www.unboxing-ad.com\/index.php\/wp-json\/wp\/v2\/comments?post=2760"}],"version-history":[{"count":96,"href":"https:\/\/www.unboxing-ad.com\/index.php\/wp-json\/wp\/v2\/pages\/2760\/revisions"}],"predecessor-version":[{"id":2974,"href":"https:\/\/www.unboxing-ad.com\/index.php\/wp-json\/wp\/v2\/pages\/2760\/revisions\/2974"}],"wp:attachment":[{"href":"https:\/\/www.unboxing-ad.com\/index.php\/wp-json\/wp\/v2\/media?parent=2760"}],"curies":[{"name":"wp","href":"https:\/\/api.w.org\/{rel}","templated":true}]}}